{"id":2505,"date":"2025-07-14T18:02:36","date_gmt":"2025-07-14T16:02:36","guid":{"rendered":"https:\/\/itbcnsupport.es\/accessibility-declaration-document\/"},"modified":"2026-04-06T20:19:35","modified_gmt":"2026-04-06T18:19:35","slug":"accessibility-declaration-document","status":"publish","type":"page","link":"https:\/\/itbcnsupport.es\/en\/accessibility-declaration-document\/","title":{"rendered":"Accessibility Declaration Document"},"content":{"rendered":"\n<p>Serveis d\u2019Internet Javajan SL is committed to making its websites accessible, in accordance with <a href=\"https:\/\/www.boe.es\/buscar\/act.php?id=BOE-A-2018-12699\"><strong>2of September 7<\/strong>,<\/a> on the accessibility of websites and mobile applications, which transposes <a href=\"http:\/\/eur-lex.europa.eu\/legal-content\/ES\/TXT\/?uri=uriserv:OJ.L_.2016.327.01.0001.01.SPA&amp;toc=OJ:L:2016:327:FULL\">Directive (EU) 2016\/2102 of the European Parliament and of the Council into Spanish law<\/a>.<br>https:\/\/www.boe.es\/buscar\/act.php?id=BOE-A-2018-12699<br>http:\/\/eur-lex.europa.eu\/legal-content\/ES\/TXT\/?uri=uriserv:OJ.L_.2016.327.01.0001.01.SPA&amp;toc=OJ:L:2016:327:FULL<br>This accessibility statement applies to the web https:\/\/www.itbcnsupport.es\/<br>Compliance Status<br>This website is partially compliant with <a href=\"https:\/\/www.boe.es\/diario_boe\/txt.php?id=BOE-A-2018-12699\"><strong>Royal Decree 1112\/2018<\/strong><\/a> due to the exceptions and non-compliance of the aspects indicated below.<br>https:\/\/www.boe.es\/diario_boe\/txt.php?id=BOE-A-2018-12699<br>Contenido no accesible<br>El contenido que se recoge a continuaci\u00f3n no es accesible por lo siguiente:<br><strong>Falta de conformidad con el RD 1112\/2018<\/strong><br>Debido a la automatizaci\u00f3n de algunas de las publicaciones podr\u00edan existir p\u00e1ginas con un incorrecto anidamiento de etiquetas HTML.<br>Existen documentos en formato PDF que no cumplen con la normativa.<br>Podr\u00edan existir fallos puntuales de edici\u00f3n en alguna p\u00e1gina web.<br><strong>Carga desproporcionada<\/strong><br>No aplica.<br><strong>Contenido que no entra dentro del \u00e1mbito de la legislaci\u00f3n aplicable<\/strong><br>Archivos ofim\u00e1ticos en PDF u otros formatos, as\u00ed como aplicaciones publicadas antes del 20 de septiembre de 2018 que no cumplan en su totalidad todos los requisitos de accesibilidad.<br>Contenidos multimedia en directo.<br>Contenido multimedia pregrabado publicado antes de la entrada en vigor del Real Decreto.<br>Servicios de mapa en l\u00ednea.<br>Preparaci\u00f3n de la presente declaraci\u00f3n de accesibilidad<br>La presente declaraci\u00f3n fue preparada el 23 de febrero de 2023 y est\u00e1 basada en los Informes de Accesibilidad Web del <a href=\"https:\/\/administracionelectronica.gob.es\/pae_Home\/pae_Estrategias\/pae_Accesibilidad.html\"><strong>Observatorio de Accesibilidad<\/strong><\/a>.<br>La fecha de la \u00faltima revisi\u00f3n ha sido el 24 de mayo de 2023.<br> <br>Observaciones y datos de contacto<br>Puede realizar <strong>comunicaciones<\/strong> sobre requisitos de accesibilidad (art\u00edculo 10.2 del RD 1112\/2018) como por ejemplo:<br>informar sobre cualquier posible incumplimiento por parte de este sitio web<br>transmitir otras <strong>dificultades de acceso<\/strong> al contenido<br>formular cualquier otra <strong>consulta o sugerencia de mejora<\/strong> relativa a la accesibilidad del sitio web<br>a trav\u00e9s del correo electr\u00f3nico <a href=\"mailto:info@javajan.com\">info@javajan.com<\/a> indicando en el asunto el nombre de la p\u00e1gina.<br> <br>Contenido opcional<br>Este sitio web:<br>Se ha dise\u00f1ado adapt\u00e1ndose a los est\u00e1ndares y normativas vigentes en relaci\u00f3n a la accesibilidad, cumpliendo con los puntos de verificaci\u00f3n de prioridad 2 (AA) definidos en la especificaci\u00f3n de Pautas de Accesibilidad al Contenido en la Web (WCAG 2.1).<br>Cumple con los requisitos de la Norma <a href=\"https:\/\/administracionelectronica.gob.es\/pae_Home\/dam\/jcr:2352eaaf-2ee8-4501-a67b-bb682c6de934\/Norma_UNE-EN_301549.pdf\">UNE-EN 301549 v1.1.2:2015<\/a>, considerando las excepciones del Real Decreto 1112\/2018.<br>Est\u00e1 dise\u00f1ado para su correcta visualizaci\u00f3n en dispositivos de escritorio, tablet y m\u00f3viles para una resoluci\u00f3n m\u00ednima de <strong>1280&#215;1024<\/strong>.<br>Se ha realizado utilizando HTML5 como lenguaje de marcado y hojas de estilo CSS 3 para su dise\u00f1o.<br> <br> <\/p>\n","protected":false},"excerpt":{"rendered":"<p>Serveis d\u2019Internet Javajan SL is committed to making its websites accessible, in accordance with 2of September 7, on the accessibility of websites and mobile applications, which transposes Directive (EU) 2016\/2102 of the European Parliament and of the Council into Spanish law.https:\/\/www.boe.es\/buscar\/act.php?id=BOE-A-2018-12699http:\/\/eur-lex.europa.eu\/legal-content\/ES\/TXT\/?uri=uriserv:OJ.L_.2016.327.01.0001.01.SPA&amp;toc=OJ:L:2016:327:FULLThis accessibility statement applies to the web https:\/\/www.itbcnsupport.es\/Compliance StatusThis website is partially compliant with Royal [&hellip;]<\/p>\n","protected":false},"author":1,"featured_media":0,"parent":0,"menu_order":0,"comment_status":"closed","ping_status":"closed","template":"","meta":{"_uag_custom_page_level_css":"","site-sidebar-layout":"default","site-content-layout":"","ast-site-content-layout":"default","site-content-style":"default","site-sidebar-style":"default","ast-global-header-display":"","ast-banner-title-visibility":"","ast-main-header-display":"","ast-hfb-above-header-display":"","ast-hfb-below-header-display":"","ast-hfb-mobile-header-display":"","site-post-title":"","ast-breadcrumbs-content":"","ast-featured-img":"","footer-sml-layout":"","ast-disable-related-posts":"","theme-transparent-header-meta":"","adv-header-id-meta":"","stick-header-meta":"","header-above-stick-meta":"","header-main-stick-meta":"","header-below-stick-meta":"","astra-migrate-meta-layouts":"default","ast-page-background-enabled":"default","ast-page-background-meta":{"desktop":{"background-color":"","background-image":"","background-repeat":"repeat","background-position":"center center","background-size":"auto","background-attachment":"scroll","background-type":"","background-media":"","overlay-type":"","overlay-color":"","overlay-opacity":"","overlay-gradient":""},"tablet":{"background-color":"","background-image":"","background-repeat":"repeat","background-position":"center center","background-size":"auto","background-attachment":"scroll","background-type":"","background-media":"","overlay-type":"","overlay-color":"","overlay-opacity":"","overlay-gradient":""},"mobile":{"background-color":"","background-image":"","background-repeat":"repeat","background-position":"center center","background-size":"auto","background-attachment":"scroll","background-type":"","background-media":"","overlay-type":"","overlay-color":"","overlay-opacity":"","overlay-gradient":""}},"ast-content-background-meta":{"desktop":{"background-color":"var(--ast-global-color-5)","background-image":"","background-repeat":"repeat","background-position":"center center","background-size":"auto","background-attachment":"scroll","background-type":"","background-media":"","overlay-type":"","overlay-color":"","overlay-opacity":"","overlay-gradient":""},"tablet":{"background-color":"var(--ast-global-color-5)","background-image":"","background-repeat":"repeat","background-position":"center center","background-size":"auto","background-attachment":"scroll","background-type":"","background-media":"","overlay-type":"","overlay-color":"","overlay-opacity":"","overlay-gradient":""},"mobile":{"background-color":"var(--ast-global-color-5)","background-image":"","background-repeat":"repeat","background-position":"center center","background-size":"auto","background-attachment":"scroll","background-type":"","background-media":"","overlay-type":"","overlay-color":"","overlay-opacity":"","overlay-gradient":""}},"footnotes":""},"class_list":["post-2505","page","type-page","status-publish","hentry"],"yoast_head":"<!-- This site is optimized with the Yoast SEO Premium plugin v25.3.1 (Yoast SEO v27.3) - https:\/\/yoast.com\/product\/yoast-seo-premium-wordpress\/ -->\n<title>Accessibility Declaration Document - itbcnsupport<\/title>\n<meta name=\"robots\" content=\"index, follow, max-snippet:-1, max-image-preview:large, max-video-preview:-1\" \/>\n<link rel=\"canonical\" href=\"https:\/\/itbcnsupport.es\/en\/accessibility-declaration-document\/\" \/>\n<meta property=\"og:locale\" content=\"en_US\" \/>\n<meta property=\"og:type\" content=\"article\" \/>\n<meta property=\"og:title\" content=\"Accessibility Declaration Document\" \/>\n<meta property=\"og:description\" content=\"Serveis d\u2019Internet Javajan SL is committed to making its websites accessible, in accordance with 2of September 7, on the accessibility of websites and mobile applications, which transposes Directive (EU) 2016\/2102 of the European Parliament and of the Council into Spanish law.https:\/\/www.boe.es\/buscar\/act.php?id=BOE-A-2018-12699http:\/\/eur-lex.europa.eu\/legal-content\/ES\/TXT\/?uri=uriserv:OJ.L_.2016.327.01.0001.01.SPA&amp;toc=OJ:L:2016:327:FULLThis accessibility statement applies to the web https:\/\/www.itbcnsupport.es\/Compliance StatusThis website is partially compliant with Royal [&hellip;]\" \/>\n<meta property=\"og:url\" content=\"https:\/\/itbcnsupport.es\/en\/accessibility-declaration-document\/\" \/>\n<meta property=\"og:site_name\" content=\"itbcnsupport\" \/>\n<meta property=\"article:modified_time\" content=\"2026-04-06T18:19:35+00:00\" \/>\n<meta property=\"og:image\" content=\"https:\/\/itbcnsupport.es\/wp-content\/uploads\/2021\/08\/cropped-itbcnsupport6.png\" \/>\n\t<meta property=\"og:image:width\" content=\"394\" \/>\n\t<meta property=\"og:image:height\" content=\"271\" \/>\n\t<meta property=\"og:image:type\" content=\"image\/png\" \/>\n<meta name=\"twitter:card\" content=\"summary_large_image\" \/>\n<meta name=\"twitter:label1\" content=\"Est. reading time\" \/>\n\t<meta name=\"twitter:data1\" content=\"2 minutes\" \/>\n<script type=\"application\/ld+json\" class=\"yoast-schema-graph\">{\"@context\":\"https:\\\/\\\/schema.org\",\"@graph\":[{\"@type\":\"WebPage\",\"@id\":\"https:\\\/\\\/itbcnsupport.es\\\/en\\\/accessibility-declaration-document\\\/\",\"url\":\"https:\\\/\\\/itbcnsupport.es\\\/en\\\/accessibility-declaration-document\\\/\",\"name\":\"Accessibility Declaration Document - itbcnsupport\",\"isPartOf\":{\"@id\":\"https:\\\/\\\/itbcnsupport.es\\\/#website\"},\"datePublished\":\"2025-07-14T16:02:36+00:00\",\"dateModified\":\"2026-04-06T18:19:35+00:00\",\"breadcrumb\":{\"@id\":\"https:\\\/\\\/itbcnsupport.es\\\/en\\\/accessibility-declaration-document\\\/#breadcrumb\"},\"inLanguage\":\"en-US\",\"potentialAction\":[{\"@type\":\"ReadAction\",\"target\":[\"https:\\\/\\\/itbcnsupport.es\\\/en\\\/accessibility-declaration-document\\\/\"]}]},{\"@type\":\"BreadcrumbList\",\"@id\":\"https:\\\/\\\/itbcnsupport.es\\\/en\\\/accessibility-declaration-document\\\/#breadcrumb\",\"itemListElement\":[{\"@type\":\"ListItem\",\"position\":1,\"name\":\"Portada\",\"item\":\"https:\\\/\\\/itbcnsupport.es\\\/en\\\/\"},{\"@type\":\"ListItem\",\"position\":2,\"name\":\"Accessibility Declaration Document\"}]},{\"@type\":\"WebSite\",\"@id\":\"https:\\\/\\\/itbcnsupport.es\\\/#website\",\"url\":\"https:\\\/\\\/itbcnsupport.es\\\/\",\"name\":\"itbcnsupport\",\"description\":\"Soporte t\u00e9cnico Barcelona\",\"publisher\":{\"@id\":\"https:\\\/\\\/itbcnsupport.es\\\/#organization\"},\"potentialAction\":[{\"@type\":\"SearchAction\",\"target\":{\"@type\":\"EntryPoint\",\"urlTemplate\":\"https:\\\/\\\/itbcnsupport.es\\\/?s={search_term_string}\"},\"query-input\":{\"@type\":\"PropertyValueSpecification\",\"valueRequired\":true,\"valueName\":\"search_term_string\"}}],\"inLanguage\":\"en-US\"},{\"@type\":\"Organization\",\"@id\":\"https:\\\/\\\/itbcnsupport.es\\\/#organization\",\"name\":\"itbcnsupport\",\"url\":\"https:\\\/\\\/itbcnsupport.es\\\/\",\"logo\":{\"@type\":\"ImageObject\",\"inLanguage\":\"en-US\",\"@id\":\"https:\\\/\\\/itbcnsupport.es\\\/#\\\/schema\\\/logo\\\/image\\\/\",\"url\":\"https:\\\/\\\/itbcnsupport.es\\\/wp-content\\\/uploads\\\/2021\\\/08\\\/cropped-itbcnsupport6.png\",\"contentUrl\":\"https:\\\/\\\/itbcnsupport.es\\\/wp-content\\\/uploads\\\/2021\\\/08\\\/cropped-itbcnsupport6.png\",\"width\":394,\"height\":271,\"caption\":\"itbcnsupport\"},\"image\":{\"@id\":\"https:\\\/\\\/itbcnsupport.es\\\/#\\\/schema\\\/logo\\\/image\\\/\"},\"description\":\"Itbcnsupport ofrece servicios de soporte a empresas para sus sistemas de IT.\",\"email\":\"contact@itbcnsupport.es\",\"foundingDate\":\"1999-12-05\",\"vatID\":\"ES46561845R\",\"taxID\":\"ES46561845R\",\"numberOfEmployees\":{\"@type\":\"QuantitativeValue\",\"minValue\":\"1\",\"maxValue\":\"10\"}}]}<\/script>\n<!-- \/ Yoast SEO Premium plugin. -->","yoast_head_json":{"title":"Accessibility Declaration Document - itbcnsupport","robots":{"index":"index","follow":"follow","max-snippet":"max-snippet:-1","max-image-preview":"max-image-preview:large","max-video-preview":"max-video-preview:-1"},"canonical":"https:\/\/itbcnsupport.es\/en\/accessibility-declaration-document\/","og_locale":"en_US","og_type":"article","og_title":"Accessibility Declaration Document","og_description":"Serveis d\u2019Internet Javajan SL is committed to making its websites accessible, in accordance with 2of September 7, on the accessibility of websites and mobile applications, which transposes Directive (EU) 2016\/2102 of the European Parliament and of the Council into Spanish law.https:\/\/www.boe.es\/buscar\/act.php?id=BOE-A-2018-12699http:\/\/eur-lex.europa.eu\/legal-content\/ES\/TXT\/?uri=uriserv:OJ.L_.2016.327.01.0001.01.SPA&amp;toc=OJ:L:2016:327:FULLThis accessibility statement applies to the web https:\/\/www.itbcnsupport.es\/Compliance StatusThis website is partially compliant with Royal [&hellip;]","og_url":"https:\/\/itbcnsupport.es\/en\/accessibility-declaration-document\/","og_site_name":"itbcnsupport","article_modified_time":"2026-04-06T18:19:35+00:00","og_image":[{"width":394,"height":271,"url":"https:\/\/itbcnsupport.es\/wp-content\/uploads\/2021\/08\/cropped-itbcnsupport6.png","type":"image\/png"}],"twitter_card":"summary_large_image","twitter_misc":{"Est. reading time":"2 minutes"},"schema":{"@context":"https:\/\/schema.org","@graph":[{"@type":"WebPage","@id":"https:\/\/itbcnsupport.es\/en\/accessibility-declaration-document\/","url":"https:\/\/itbcnsupport.es\/en\/accessibility-declaration-document\/","name":"Accessibility Declaration Document - itbcnsupport","isPartOf":{"@id":"https:\/\/itbcnsupport.es\/#website"},"datePublished":"2025-07-14T16:02:36+00:00","dateModified":"2026-04-06T18:19:35+00:00","breadcrumb":{"@id":"https:\/\/itbcnsupport.es\/en\/accessibility-declaration-document\/#breadcrumb"},"inLanguage":"en-US","potentialAction":[{"@type":"ReadAction","target":["https:\/\/itbcnsupport.es\/en\/accessibility-declaration-document\/"]}]},{"@type":"BreadcrumbList","@id":"https:\/\/itbcnsupport.es\/en\/accessibility-declaration-document\/#breadcrumb","itemListElement":[{"@type":"ListItem","position":1,"name":"Portada","item":"https:\/\/itbcnsupport.es\/en\/"},{"@type":"ListItem","position":2,"name":"Accessibility Declaration Document"}]},{"@type":"WebSite","@id":"https:\/\/itbcnsupport.es\/#website","url":"https:\/\/itbcnsupport.es\/","name":"itbcnsupport","description":"Soporte t\u00e9cnico Barcelona","publisher":{"@id":"https:\/\/itbcnsupport.es\/#organization"},"potentialAction":[{"@type":"SearchAction","target":{"@type":"EntryPoint","urlTemplate":"https:\/\/itbcnsupport.es\/?s={search_term_string}"},"query-input":{"@type":"PropertyValueSpecification","valueRequired":true,"valueName":"search_term_string"}}],"inLanguage":"en-US"},{"@type":"Organization","@id":"https:\/\/itbcnsupport.es\/#organization","name":"itbcnsupport","url":"https:\/\/itbcnsupport.es\/","logo":{"@type":"ImageObject","inLanguage":"en-US","@id":"https:\/\/itbcnsupport.es\/#\/schema\/logo\/image\/","url":"https:\/\/itbcnsupport.es\/wp-content\/uploads\/2021\/08\/cropped-itbcnsupport6.png","contentUrl":"https:\/\/itbcnsupport.es\/wp-content\/uploads\/2021\/08\/cropped-itbcnsupport6.png","width":394,"height":271,"caption":"itbcnsupport"},"image":{"@id":"https:\/\/itbcnsupport.es\/#\/schema\/logo\/image\/"},"description":"Itbcnsupport ofrece servicios de soporte a empresas para sus sistemas de IT.","email":"contact@itbcnsupport.es","foundingDate":"1999-12-05","vatID":"ES46561845R","taxID":"ES46561845R","numberOfEmployees":{"@type":"QuantitativeValue","minValue":"1","maxValue":"10"}}]}},"uagb_featured_image_src":{"full":false,"thumbnail":false,"medium":false,"medium_large":false,"large":false,"1536x1536":false,"2048x2048":false},"uagb_author_info":{"display_name":"scrinf_vm0mua5k","author_link":"https:\/\/itbcnsupport.es\/en\/author\/scrinf_vm0mua5k\/"},"uagb_comment_info":0,"uagb_excerpt":"Serveis d\u2019Internet Javajan SL is committed to making its websites accessible, in accordance with 2of September 7, on the accessibility of websites and mobile applications, which transposes Directive (EU) 2016\/2102 of the European Parliament and of the Council into Spanish law.https:\/\/www.boe.es\/buscar\/act.php?id=BOE-A-2018-12699http:\/\/eur-lex.europa.eu\/legal-content\/ES\/TXT\/?uri=uriserv:OJ.L_.2016.327.01.0001.01.SPA&amp;toc=OJ:L:2016:327:FULLThis accessibility statement applies to the web https:\/\/www.itbcnsupport.es\/Compliance StatusThis website is partially compliant with Royal&hellip;","_links":{"self":[{"href":"https:\/\/itbcnsupport.es\/en\/wp-json\/wp\/v2\/pages\/2505","targetHints":{"allow":["GET"]}}],"collection":[{"href":"https:\/\/itbcnsupport.es\/en\/wp-json\/wp\/v2\/pages"}],"about":[{"href":"https:\/\/itbcnsupport.es\/en\/wp-json\/wp\/v2\/types\/page"}],"author":[{"embeddable":true,"href":"https:\/\/itbcnsupport.es\/en\/wp-json\/wp\/v2\/users\/1"}],"replies":[{"embeddable":true,"href":"https:\/\/itbcnsupport.es\/en\/wp-json\/wp\/v2\/comments?post=2505"}],"version-history":[{"count":1,"href":"https:\/\/itbcnsupport.es\/en\/wp-json\/wp\/v2\/pages\/2505\/revisions"}],"predecessor-version":[{"id":2508,"href":"https:\/\/itbcnsupport.es\/en\/wp-json\/wp\/v2\/pages\/2505\/revisions\/2508"}],"wp:attachment":[{"href":"https:\/\/itbcnsupport.es\/en\/wp-json\/wp\/v2\/media?parent=2505"}],"curies":[{"name":"wp","href":"https:\/\/api.w.org\/{rel}","templated":true}]}}